{"id":239306,"date":"2021-07-13T14:05:54","date_gmt":"2021-07-13T17:05:54","guid":{"rendered":"https:\/\/faculdadeunibrasilia.com.br\/uberaba\/?page_id=239306"},"modified":"2025-10-07T13:55:44","modified_gmt":"2025-10-07T16:55:44","slug":"portador-do-diploma","status":"publish","type":"page","link":"https:\/\/faculdadeunibrasilia.com.br\/uberaba\/portador-do-diploma\/","title":{"rendered":"Portador do diploma"},"content":{"rendered":"<p>[et_pb_section fb_built=&#8221;1&#8243; _builder_version=&#8221;4.16&#8243; _module_preset=&#8221;default&#8221; custom_padding=&#8221;6px|||||&#8221; global_colors_info=&#8221;{}&#8221; da_is_popup=&#8221;off&#8221; da_exit_intent=&#8221;off&#8221; da_has_close=&#8221;on&#8221; da_alt_close=&#8221;off&#8221; da_dark_close=&#8221;off&#8221; da_not_modal=&#8221;on&#8221; da_is_singular=&#8221;off&#8221; da_with_loader=&#8221;off&#8221; da_has_shadow=&#8221;on&#8221; da_disable_devices=&#8221;off|off|off&#8221;][et_pb_row _builder_version=&#8221;4.16&#8243; _module_preset=&#8221;default&#8221; global_colors_info=&#8221;{}&#8221;][et_pb_column type=&#8221;4_4&#8243; _builder_version=&#8221;4.16&#8243; _module_preset=&#8221;default&#8221; global_colors_info=&#8221;{}&#8221;][et_pb_text _builder_version=&#8221;4.16&#8243; text_font=&#8221;|700|||||||&#8221; text_text_color=&#8221;#16466E&#8221; text_font_size=&#8221;21px&#8221; width=&#8221;100%&#8221; width_tablet=&#8221;&#8221; width_phone=&#8221;89%&#8221; width_last_edited=&#8221;on|desktop&#8221; module_alignment=&#8221;left&#8221; custom_padding=&#8221;||11px|||&#8221; text_font_size_tablet=&#8221;&#8221; text_font_size_phone=&#8221;17px&#8221; text_font_size_last_edited=&#8221;on|desktop&#8221; text_orientation_tablet=&#8221;&#8221; text_orientation_phone=&#8221;&#8221; text_orientation_last_edited=&#8221;on|desktop&#8221; border_width_bottom=&#8221;1px&#8221; border_color_bottom=&#8221;#FBB01B&#8221; global_colors_info=&#8221;{}&#8221;]PORTADOR DE DIPLOMA[\/et_pb_text][\/et_pb_column][\/et_pb_row][et_pb_row _builder_version=&#8221;4.16&#8243; _module_preset=&#8221;default&#8221; global_colors_info=&#8221;{}&#8221;][et_pb_column type=&#8221;4_4&#8243; _builder_version=&#8221;4.16&#8243; _module_preset=&#8221;default&#8221; global_colors_info=&#8221;{}&#8221;][et_pb_text _builder_version=&#8221;4.16&#8243; _module_preset=&#8221;default&#8221; text_font_size=&#8221;15px&#8221; global_colors_info=&#8221;{}&#8221;]<\/p>\n<h4><strong>Volte aos estudos na Unibras\u00edlia de Minas Gerais<\/strong><\/h4>\n<p><strong><\/strong><\/p>\n<p>As normas institucionais da <strong>Unibras\u00edlia de Minas Gerais <\/strong>preveem o ingresso nos Cursos de Gradua\u00e7\u00e3o que oferta para pessoas j\u00e1 portadoras de Diploma de Curso Superior. O portador de curso superior poder\u00e1 requerer matr\u00edcula em curso oferecido pela <strong>Unibras\u00edlia de Minas Gerais<\/strong>, na estrita conformidade das vagas existentes, no curso de interesse, se requerida nos prazos fixados em edital pr\u00f3prio, de acordo com as normas aprovadas pelo Conselho Acad\u00eamico, desde que atendidas as seguintes condi\u00e7\u00f5es:<\/p>\n<p>a. Exist\u00eancia de vaga remanescente no curso pretendido;<br \/>b. Observ\u00e2ncia do prazo previsto no calend\u00e1rio acad\u00eamico;<br \/>c. Solicita\u00e7\u00e3o, atrav\u00e9s de requerimento de ingresso na Institui\u00e7\u00e3o, em formul\u00e1rio pr\u00f3prio dispon\u00edvel no Setor de Protocolo.<\/p>\n<p><strong>DOCUMENTOS EXIGIDOS<\/strong><\/p>\n<p>a. C\u00f3pia autenticada do Hist\u00f3rico escolar do Curso Superior conclu\u00eddo;<br \/>b. C\u00f3pia autenticada do Diploma de conclus\u00e3o de curso superior devidamente registrado pelos \u00f3rg\u00e3os competentes;<br \/>c. C\u00f3pia do plano de ensino das disciplinas cursadas, para eventual aproveitamento de conte\u00fado, se for o caso.<br \/>d. Importante: Toda a an\u00e1lise estar\u00e1 sujeita a deferimento ou indeferimento da Institui\u00e7\u00e3o.<\/p>\n<p>[\/et_pb_text][\/et_pb_column][\/et_pb_row][\/et_pb_section][et_pb_section fb_built=&#8221;1&#8243; disabled_on=&#8221;off|off|off&#8221; admin_label=&#8221;Stats&#8221; _builder_version=&#8221;4.21.0&#8243; background_enable_color=&#8221;off&#8221; use_background_color_gradient=&#8221;on&#8221; background_color_gradient_stops=&#8221;#013565 0%|#01377f 100%&#8221; background_color_gradient_start=&#8221;#013565&#8243; background_color_gradient_end=&#8221;#01377f&#8221; background_image=&#8221;https:\/\/faculdadeunibrasilia.com.br\/uberaba\/wp-content\/uploads\/2021\/07\/blurb1-bg-image.png&#8221; width=&#8221;100%&#8221; module_alignment=&#8221;center&#8221; custom_margin=&#8221;||||true|false&#8221; custom_padding=&#8221;6px||6px||true|false&#8221; background_color_gradient_stops_tablet=&#8221;#013565 0%|#01377f 100%&#8221; background_color_gradient_stops_phone=&#8221;#013565 0%|#01377f 100%&#8221; da_disable_devices=&#8221;off|off|off&#8221; global_module=&#8221;64&#8243; saved_tabs=&#8221;all&#8221; locked=&#8221;off&#8221; global_colors_info=&#8221;{}&#8221; da_is_popup=&#8221;off&#8221; da_exit_intent=&#8221;off&#8221; da_has_close=&#8221;on&#8221; da_alt_close=&#8221;off&#8221; da_dark_close=&#8221;off&#8221; da_not_modal=&#8221;on&#8221; da_is_singular=&#8221;off&#8221; da_with_loader=&#8221;off&#8221; da_has_shadow=&#8221;on&#8221;][et_pb_row column_structure=&#8221;3_5,2_5&#8243; _builder_version=&#8221;4.16&#8243; custom_margin=&#8221;|auto||auto|false|false&#8221; custom_padding=&#8221;0px||0px||true|false&#8221; global_colors_info=&#8221;{}&#8221;][et_pb_column type=&#8221;3_5&#8243; _builder_version=&#8221;4.16&#8243; global_colors_info=&#8221;{}&#8221;][\/et_pb_column][et_pb_column type=&#8221;2_5&#8243; _builder_version=&#8221;4.16&#8243; global_colors_info=&#8221;{}&#8221;][\/et_pb_column][\/et_pb_row][\/et_pb_section][et_pb_section fb_built=&#8221;1&#8243; custom_padding_last_edited=&#8221;on|desktop&#8221; _builder_version=&#8221;4.16&#8243; _module_preset=&#8221;default&#8221; background_color=&#8221;#262626&#8243; custom_margin=&#8221;||||true|false&#8221; custom_margin_tablet=&#8221;&#8221; custom_margin_phone=&#8221;&#8221; custom_margin_last_edited=&#8221;on|desktop&#8221; custom_padding=&#8221;47px||47px||true|false&#8221; custom_padding_tablet=&#8221;&#8221; custom_padding_phone=&#8221;&#8221; da_disable_devices=&#8221;off|off|off&#8221; global_module=&#8221;65&#8243; saved_tabs=&#8221;all&#8221; global_colors_info=&#8221;{}&#8221; da_is_popup=&#8221;off&#8221; da_exit_intent=&#8221;off&#8221; da_has_close=&#8221;on&#8221; da_alt_close=&#8221;off&#8221; da_dark_close=&#8221;off&#8221; da_not_modal=&#8221;on&#8221; da_is_singular=&#8221;off&#8221; da_with_loader=&#8221;off&#8221; da_has_shadow=&#8221;on&#8221;][et_pb_row column_structure=&#8221;1_4,1_4,1_4,1_4&#8243; use_custom_gutter=&#8221;on&#8221; gutter_width=&#8221;1&#8243; custom_padding_last_edited=&#8221;on|desktop&#8221; _builder_version=&#8221;4.16&#8243; width=&#8221;100%&#8221; max_width=&#8221;1300px&#8221; custom_margin=&#8221;1px|auto|-30px|auto|false|false&#8221; custom_margin_tablet=&#8221;&#8221; custom_margin_phone=&#8221;&#8221; custom_margin_last_edited=&#8221;on|desktop&#8221; custom_padding=&#8221;1px|0px|1px|0px|true|true&#8221; custom_padding_tablet=&#8221;&#8221; custom_padding_phone=&#8221;||35px||false|false&#8221; global_colors_info=&#8221;{}&#8221;][et_pb_column type=&#8221;1_4&#8243; _builder_version=&#8221;4.16&#8243; background_enable_color=&#8221;off&#8221; custom_padding=&#8221;40px|40px|40px|40px|true|true&#8221; custom_padding_tablet=&#8221;|30px||30px|true|true&#8221; custom_padding_phone=&#8221;|20px||20px|true|true&#8221; custom_padding_last_edited=&#8221;on|desktop&#8221; border_radii=&#8221;on|10px|10px|10px|10px&#8221; global_colors_info=&#8221;{}&#8221;][et_pb_text disabled_on=&#8221;off|off|off&#8221; _builder_version=&#8221;4.16&#8243; text_text_color=&#8221;#FFFFFF&#8221; custom_margin=&#8221;0px||19px||false|false&#8221; custom_padding=&#8221;10px|||10px|false|false&#8221; border_width_top=&#8221;1px&#8221; border_color_top=&#8221;#fec200&#8243; border_color_left=&#8221;#FEC200&#8243; global_colors_info=&#8221;{}&#8221;]<\/p>\n<h5><span style=\"color: white; font-size: 13px;\"><strong>Links \u00dateis<\/strong><\/span><\/h5>\n<p>[\/et_pb_text][et_pb_text disabled_on=&#8221;off|off|off&#8221; _builder_version=&#8221;4.27.0&#8243; text_font=&#8221;||||||||&#8221; text_text_color=&#8221;#FFFFFF&#8221; custom_margin=&#8221;||29px|||&#8221; custom_margin_tablet=&#8221;&#8221; custom_margin_phone=&#8221;||0px||false|false&#8221; custom_margin_last_edited=&#8221;on|phone&#8221; custom_padding=&#8221;|||10px|false|false&#8221; custom_padding_tablet=&#8221;&#8221; custom_padding_phone=&#8221;&#8221; custom_padding_last_edited=&#8221;on|phone&#8221; global_colors_info=&#8221;{}&#8221;]<\/p>\n<p><a href=\"https:\/\/www.google.com\/a\/facthus.edu.br\/ServiceLogin?service=mail&amp;passive=true&amp;rm=false&amp;continue=http:\/\/mail.google.com\/a\/facthus.edu.br\/&amp;ltmpl=default&amp;ltmplcache=2\" target=\"_blank\" rel=\"noopener\"><strong>Acesso Webmail<\/strong><\/a><\/p>\n<p><a href=\"https:\/\/faculdadeunibrasilia.com.br\/uberaba\/biblioteca-virtual\/\"><strong>Biblioteca<\/strong><\/a><\/p>\n<p><a href=\"\/blog\/\"><strong>Blog<\/strong><\/a><\/p>\n<p>&nbsp;<\/p>\n<p>[\/et_pb_text][\/et_pb_column][et_pb_column type=&#8221;1_4&#8243; _builder_version=&#8221;4.16&#8243; background_enable_color=&#8221;off&#8221; custom_padding=&#8221;40px|40px|40px|40px|true|true&#8221; custom_padding_tablet=&#8221;|30px||30px|true|true&#8221; custom_padding_phone=&#8221;|20px||20px|true|true&#8221; custom_padding_last_edited=&#8221;on|desktop&#8221; border_radii=&#8221;on|10px|10px|10px|10px&#8221; global_colors_info=&#8221;{}&#8221;][et_pb_text _builder_version=&#8221;4.18.0&#8243; custom_margin=&#8221;0px||19px||false|false&#8221; custom_margin_tablet=&#8221;&#8221; custom_margin_phone=&#8221;-30px||||false|false&#8221; custom_margin_last_edited=&#8221;on|phone&#8221; custom_padding=&#8221;10px|||10px|false|false&#8221; border_width_top=&#8221;1px&#8221; border_color_top=&#8221;#fec200&#8243; border_color_left=&#8221;#FEC200&#8243; global_colors_info=&#8221;{}&#8221;]<\/p>\n<h5><span style=\"color: white; font-size: 13px;\"><strong>Ouvidoria Institucional<\/strong><\/span><\/h5>\n<p>[\/et_pb_text][et_pb_text _builder_version=&#8221;4.16&#8243; text_font=&#8221;|700|||||||&#8221; custom_margin=&#8221;||45px|||&#8221; custom_margin_tablet=&#8221;&#8221; custom_margin_phone=&#8221;||||false|false&#8221; custom_margin_last_edited=&#8221;on|phone&#8221; custom_padding=&#8221;|||10px|false|false&#8221; global_colors_info=&#8221;{}&#8221;]<\/p>\n<p><a href=\"https:\/\/faculdadeunibrasilia.com.br\/uberaba\/ouvidoria\/\"><strong>Ouvidoria<\/strong><\/a><\/p>\n<p>[\/et_pb_text][et_pb_text _builder_version=&#8221;4.16&#8243; custom_margin=&#8221;0px||13px||false|false&#8221; custom_margin_tablet=&#8221;&#8221; custom_margin_phone=&#8221;78px||||false|false&#8221; custom_margin_last_edited=&#8221;on|phone&#8221; custom_padding=&#8221;10px|||10px|false|false&#8221; custom_padding_tablet=&#8221;&#8221; custom_padding_phone=&#8221;&#8221; custom_padding_last_edited=&#8221;on|phone&#8221; border_width_top=&#8221;1px&#8221; border_color_top=&#8221;#fec200&#8243; border_color_left=&#8221;#FEC200&#8243; global_colors_info=&#8221;{}&#8221;]<\/p>\n<h5><span style=\"color: white; font-size: 13px;\"><strong>Informa\u00e7\u00f5es<\/strong><\/span><\/h5>\n<p>[\/et_pb_text][et_pb_text _builder_version=&#8221;4.17.3&#8243; text_font=&#8221;|700|||||||&#8221; custom_margin=&#8221;||11px|||&#8221; custom_padding=&#8221;|||10px|false|false&#8221; global_colors_info=&#8221;{}&#8221;]<\/p>\n<p><a href=\"https:\/\/faculdadeunibrasilia.com.br\/uberaba\/duvidas-frequentes\/\">D\u00favidas Frequentes<\/a><\/p>\n<p>[\/et_pb_text][et_pb_text _builder_version=&#8221;4.16&#8243; text_font=&#8221;|700|||||||&#8221; custom_margin=&#8221;||11px|||&#8221; custom_padding=&#8221;|||10px|false|false&#8221; global_colors_info=&#8221;{}&#8221;]<\/p>\n<p><a href=\"https:\/\/faculdadeunibrasilia.com.br\/uberaba\/politica-de-privacidade\/\"><strong>Pol\u00edtica de privacidade<\/strong><\/a><\/p>\n<p>[\/et_pb_text][et_pb_text _builder_version=&#8221;4.16&#8243; text_font=&#8221;|700|||||||&#8221; custom_margin=&#8221;||11px|||&#8221; custom_padding=&#8221;|||10px|false|false&#8221; global_colors_info=&#8221;{}&#8221;]<\/p>\n<p><a href=\"https:\/\/faculdadeunibrasilia.com.br\/uberaba\/contato-lgpd\/\"><strong>Contato LGPD<\/strong><\/a><\/p>\n<p>[\/et_pb_text][et_pb_text _builder_version=&#8221;4.16&#8243; text_font=&#8221;|700|||||||&#8221; custom_margin=&#8221;||23px|||&#8221; custom_padding=&#8221;|||10px|false|false&#8221; global_colors_info=&#8221;{}&#8221;]<\/p>\n<p><strong><a href=\"https:\/\/faculdadeunibrasilia.com.br\/uberaba\/bio\/\">Bio<\/a><\/strong><\/p>\n<p>[\/et_pb_text][\/et_pb_column][et_pb_column type=&#8221;1_4&#8243; _builder_version=&#8221;4.16&#8243; background_enable_color=&#8221;off&#8221; custom_padding=&#8221;40px|40px|40px|40px|true|true&#8221; custom_padding_tablet=&#8221;|30px||30px|true|true&#8221; custom_padding_phone=&#8221;|20px||20px|true|true&#8221; custom_padding_last_edited=&#8221;on|desktop&#8221; border_radii=&#8221;on|10px|10px|10px|10px&#8221; global_colors_info=&#8221;{}&#8221;][et_pb_text _builder_version=&#8221;4.16&#8243; custom_margin=&#8221;0px||19px||false|false&#8221; custom_margin_tablet=&#8221;&#8221; custom_margin_phone=&#8221;-25px||||false|false&#8221; custom_margin_last_edited=&#8221;on|phone&#8221; custom_padding=&#8221;10px|||10px|false|false&#8221; custom_padding_tablet=&#8221;&#8221; custom_padding_phone=&#8221;&#8221; custom_padding_last_edited=&#8221;on|phone&#8221; border_width_top=&#8221;1px&#8221; border_color_top=&#8221;#fec200&#8243; border_color_left=&#8221;#FEC200&#8243; global_colors_info=&#8221;{}&#8221;]<\/p>\n<h5><span style=\"color: white; font-size: 13px;\"><strong>Telefones<\/strong><\/span><\/h5>\n<p>[\/et_pb_text][et_pb_text disabled_on=&#8221;on|on|on&#8221; _builder_version=&#8221;4.21.0&#8243; text_font=&#8221;|700|||||||&#8221; text_text_color=&#8221;#FFFFFF&#8221; custom_margin=&#8221;||37px|||&#8221; custom_padding=&#8221;|||10px|false|false&#8221; disabled=&#8221;on&#8221; global_colors_info=&#8221;{}&#8221;]<\/p>\n<p><a href=\"tel:5534988295172\">(34) 98829-5172<\/a><br \/><a href=\"https:\/\/api.whatsapp.com\/send\/?phone=5534988683363&amp;text&amp;type=phone_number&amp;app_absent=0\" target=\"_blank\" rel=\"noopener\">(34) 98868-3363<\/a><\/p>\n<p>[\/et_pb_text][et_pb_text _builder_version=&#8221;4.27.0&#8243; text_font=&#8221;|700|||||||&#8221; text_text_color=&#8221;#FFFFFF&#8221; custom_margin=&#8221;||37px|||&#8221; custom_padding=&#8221;|||10px|false|false&#8221; global_colors_info=&#8221;{}&#8221;]<\/p>\n<p><strong>Contato: (<span>11) 9 9141-0028<\/span><\/strong><\/p>\n<p>[\/et_pb_text][\/et_pb_column][et_pb_column type=&#8221;1_4&#8243; _builder_version=&#8221;4.16&#8243; background_enable_color=&#8221;off&#8221; custom_padding=&#8221;40px|40px|40px|40px|true|true&#8221; custom_padding_tablet=&#8221;|30px||30px|true|true&#8221; custom_padding_phone=&#8221;|20px||20px|true|true&#8221; custom_padding_last_edited=&#8221;on|desktop&#8221; border_radii=&#8221;on|10px|10px|10px|10px&#8221; global_colors_info=&#8221;{}&#8221;][et_pb_text _builder_version=&#8221;4.16&#8243; custom_margin=&#8221;0px||19px||false|false&#8221; custom_margin_tablet=&#8221;&#8221; custom_margin_phone=&#8221;-13px||||false|false&#8221; custom_margin_last_edited=&#8221;on|phone&#8221; custom_padding=&#8221;10px|||10px|false|false&#8221; border_width_top=&#8221;1px&#8221; border_color_top=&#8221;#fec200&#8243; border_color_left=&#8221;#FEC200&#8243; global_colors_info=&#8221;{}&#8221;]<\/p>\n<h5><span style=\"color: white; font-size: 13px;\"><strong>Endere\u00e7o<\/strong><\/span><\/h5>\n<p>[\/et_pb_text][et_pb_text _builder_version=&#8221;4.27.0&#8243; text_font=&#8221;||||||||&#8221; text_text_color=&#8221;#FFFFFF&#8221; custom_margin=&#8221;||21px|||&#8221; custom_margin_tablet=&#8221;&#8221; custom_margin_phone=&#8221;||0px||false|false&#8221; custom_margin_last_edited=&#8221;on|phone&#8221; custom_padding=&#8221;|||10px|false|false&#8221; global_colors_info=&#8221;{}&#8221;]<\/p>\n<p><span>Av. Tonico dos Santos, 345 &#8211; Jardim Induberaba, Uberaba &#8211; MG, 38040-000<\/span><\/p>\n<p>[\/et_pb_text][\/et_pb_column][\/et_pb_row][\/et_pb_section][et_pb_section fb_built=&#8221;1&#8243; custom_padding_last_edited=&#8221;on|desktop&#8221; _builder_version=&#8221;4.14.2&#8243; _module_preset=&#8221;default&#8221; background_color=&#8221;#1e1e1e&#8221; custom_padding=&#8221;24px||24px||true|false&#8221; custom_padding_tablet=&#8221;&#8221; custom_padding_phone=&#8221;||10px||false|false&#8221; da_disable_devices=&#8221;off|off|off&#8221; global_module=&#8221;66&#8243; saved_tabs=&#8221;all&#8221; global_colors_info=&#8221;{}&#8221; da_is_popup=&#8221;off&#8221; da_exit_intent=&#8221;off&#8221; da_has_close=&#8221;on&#8221; da_alt_close=&#8221;off&#8221; da_dark_close=&#8221;off&#8221; da_not_modal=&#8221;on&#8221; da_is_singular=&#8221;off&#8221; da_with_loader=&#8221;off&#8221; da_has_shadow=&#8221;on&#8221;][et_pb_row column_structure=&#8221;1_3,1_3,1_3&#8243; _builder_version=&#8221;4.16&#8243; _module_preset=&#8221;default&#8221; width=&#8221;100%&#8221; max_width=&#8221;1300px&#8221; custom_padding=&#8221;3px||5px|||&#8221; global_colors_info=&#8221;{}&#8221;][et_pb_column type=&#8221;1_3&#8243; _builder_version=&#8221;4.16&#8243; _module_preset=&#8221;default&#8221; global_colors_info=&#8221;{}&#8221;][\/et_pb_column][et_pb_column type=&#8221;1_3&#8243; _builder_version=&#8221;4.16&#8243; _module_preset=&#8221;default&#8221; global_colors_info=&#8221;{}&#8221;][et_pb_image src=&#8221;https:\/\/faculdadeunibrasilia.com.br\/uberaba\/wp-content\/uploads\/2025\/10\/unibrasilia-minas-gerais-1-1-scaled.png&#8221; title_text=&#8221;unibrasilia-minas-gerais 1&#8243; align=&#8221;center&#8221; align_tablet=&#8221;&#8221; align_phone=&#8221;center&#8221; align_last_edited=&#8221;on|phone&#8221; _builder_version=&#8221;4.27.0&#8243; _module_preset=&#8221;default&#8221; width=&#8221;53%&#8221; width_tablet=&#8221;&#8221; width_phone=&#8221;40%&#8221; width_last_edited=&#8221;on|phone&#8221; module_alignment=&#8221;center&#8221; custom_margin_tablet=&#8221;&#8221; custom_margin_phone=&#8221;-8px||20px||false|false&#8221; custom_margin_last_edited=&#8221;on|phone&#8221; global_colors_info=&#8221;{}&#8221;][\/et_pb_image][\/et_pb_column][et_pb_column type=&#8221;1_3&#8243; _builder_version=&#8221;4.16&#8243; _module_preset=&#8221;default&#8221; global_colors_info=&#8221;{}&#8221;][\/et_pb_column][\/et_pb_row][\/et_pb_section]<\/p>\n","protected":false},"excerpt":{"rendered":"<p>PORTADOR DE DIPLOMAVolte aos estudos na Unibras\u00edlia de Minas Gerais As normas institucionais da Unibras\u00edlia de Minas Gerais preveem o ingresso nos Cursos de Gradua\u00e7\u00e3o que oferta para pessoas j\u00e1 portadoras de Diploma de Curso Superior. O portador de curso superior poder\u00e1 requerer matr\u00edcula em curso oferecido pela Unibras\u00edlia de Minas Gerais, na estrita conformidade [&hellip;]<\/p>\n","protected":false},"author":1,"featured_media":0,"parent":0,"menu_order":0,"comment_status":"closed","ping_status":"closed","template":"","meta":{"_et_pb_use_builder":"on","_et_pb_old_content":"","_et_gb_content_width":"","inline_featured_image":false,"footnotes":""},"class_list":["post-239306","page","type-page","status-publish","hentry"],"yoast_head":"<!-- This site is optimized with the Yoast SEO plugin v23.2 - https:\/\/yoast.com\/wordpress\/plugins\/seo\/ -->\n<title>Portador do diploma - Faculdade Unibras\u00edlia<\/title>\n<meta name=\"robots\" content=\"index, follow, max-snippet:-1, max-image-preview:large, max-video-preview:-1\" \/>\n<link rel=\"canonical\" href=\"https:\/\/faculdadeunibrasilia.com.br\/uberaba\/portador-do-diploma\/\" \/>\n<meta property=\"og:locale\" content=\"pt_BR\" \/>\n<meta property=\"og:type\" content=\"article\" \/>\n<meta property=\"og:title\" content=\"Portador do diploma - Faculdade Unibras\u00edlia\" \/>\n<meta property=\"og:description\" content=\"PORTADOR DE DIPLOMAVolte aos estudos na Unibras\u00edlia de Minas Gerais As normas institucionais da Unibras\u00edlia de Minas Gerais preveem o ingresso nos Cursos de Gradua\u00e7\u00e3o que oferta para pessoas j\u00e1 portadoras de Diploma de Curso Superior. O portador de curso superior poder\u00e1 requerer matr\u00edcula em curso oferecido pela Unibras\u00edlia de Minas Gerais, na estrita conformidade [&hellip;]\" \/>\n<meta property=\"og:url\" content=\"https:\/\/faculdadeunibrasilia.com.br\/uberaba\/portador-do-diploma\/\" \/>\n<meta property=\"og:site_name\" content=\"Faculdade Unibras\u00edlia\" \/>\n<meta property=\"article:modified_time\" content=\"2025-10-07T16:55:44+00:00\" \/>\n<meta name=\"twitter:card\" content=\"summary_large_image\" \/>\n<meta name=\"twitter:label1\" content=\"Est. tempo de leitura\" \/>\n\t<meta name=\"twitter:data1\" content=\"9 minutos\" \/>\n<script type=\"application\/ld+json\" class=\"yoast-schema-graph\">{\"@context\":\"https:\/\/schema.org\",\"@graph\":[{\"@type\":\"WebPage\",\"@id\":\"https:\/\/faculdadeunibrasilia.com.br\/uberaba\/portador-do-diploma\/\",\"url\":\"https:\/\/faculdadeunibrasilia.com.br\/uberaba\/portador-do-diploma\/\",\"name\":\"Portador do diploma - Faculdade Unibras\u00edlia\",\"isPartOf\":{\"@id\":\"https:\/\/faculdadeunibrasilia.com.br\/uberaba\/#website\"},\"datePublished\":\"2021-07-13T17:05:54+00:00\",\"dateModified\":\"2025-10-07T16:55:44+00:00\",\"breadcrumb\":{\"@id\":\"https:\/\/faculdadeunibrasilia.com.br\/uberaba\/portador-do-diploma\/#breadcrumb\"},\"inLanguage\":\"pt-BR\",\"potentialAction\":[{\"@type\":\"ReadAction\",\"target\":[\"https:\/\/faculdadeunibrasilia.com.br\/uberaba\/portador-do-diploma\/\"]}]},{\"@type\":\"BreadcrumbList\",\"@id\":\"https:\/\/faculdadeunibrasilia.com.br\/uberaba\/portador-do-diploma\/#breadcrumb\",\"itemListElement\":[{\"@type\":\"ListItem\",\"position\":1,\"name\":\"Home\",\"item\":\"https:\/\/faculdadeunibrasilia.com.br\/uberaba\/\"},{\"@type\":\"ListItem\",\"position\":2,\"name\":\"Portador do diploma\"}]},{\"@type\":\"WebSite\",\"@id\":\"https:\/\/faculdadeunibrasilia.com.br\/uberaba\/#website\",\"url\":\"https:\/\/faculdadeunibrasilia.com.br\/uberaba\/\",\"name\":\"Faculdade Unibras\u00edlia\",\"description\":\"de Minas Gerais\",\"potentialAction\":[{\"@type\":\"SearchAction\",\"target\":{\"@type\":\"EntryPoint\",\"urlTemplate\":\"https:\/\/faculdadeunibrasilia.com.br\/uberaba\/?s={search_term_string}\"},\"query-input\":\"required name=search_term_string\"}],\"inLanguage\":\"pt-BR\"}]}<\/script>\n<!-- \/ Yoast SEO plugin. -->","yoast_head_json":{"title":"Portador do diploma - Faculdade Unibras\u00edlia","robots":{"index":"index","follow":"follow","max-snippet":"max-snippet:-1","max-image-preview":"max-image-preview:large","max-video-preview":"max-video-preview:-1"},"canonical":"https:\/\/faculdadeunibrasilia.com.br\/uberaba\/portador-do-diploma\/","og_locale":"pt_BR","og_type":"article","og_title":"Portador do diploma - Faculdade Unibras\u00edlia","og_description":"PORTADOR DE DIPLOMAVolte aos estudos na Unibras\u00edlia de Minas Gerais As normas institucionais da Unibras\u00edlia de Minas Gerais preveem o ingresso nos Cursos de Gradua\u00e7\u00e3o que oferta para pessoas j\u00e1 portadoras de Diploma de Curso Superior. O portador de curso superior poder\u00e1 requerer matr\u00edcula em curso oferecido pela Unibras\u00edlia de Minas Gerais, na estrita conformidade [&hellip;]","og_url":"https:\/\/faculdadeunibrasilia.com.br\/uberaba\/portador-do-diploma\/","og_site_name":"Faculdade Unibras\u00edlia","article_modified_time":"2025-10-07T16:55:44+00:00","twitter_card":"summary_large_image","twitter_misc":{"Est. tempo de leitura":"9 minutos"},"schema":{"@context":"https:\/\/schema.org","@graph":[{"@type":"WebPage","@id":"https:\/\/faculdadeunibrasilia.com.br\/uberaba\/portador-do-diploma\/","url":"https:\/\/faculdadeunibrasilia.com.br\/uberaba\/portador-do-diploma\/","name":"Portador do diploma - Faculdade Unibras\u00edlia","isPartOf":{"@id":"https:\/\/faculdadeunibrasilia.com.br\/uberaba\/#website"},"datePublished":"2021-07-13T17:05:54+00:00","dateModified":"2025-10-07T16:55:44+00:00","breadcrumb":{"@id":"https:\/\/faculdadeunibrasilia.com.br\/uberaba\/portador-do-diploma\/#breadcrumb"},"inLanguage":"pt-BR","potentialAction":[{"@type":"ReadAction","target":["https:\/\/faculdadeunibrasilia.com.br\/uberaba\/portador-do-diploma\/"]}]},{"@type":"BreadcrumbList","@id":"https:\/\/faculdadeunibrasilia.com.br\/uberaba\/portador-do-diploma\/#breadcrumb","itemListElement":[{"@type":"ListItem","position":1,"name":"Home","item":"https:\/\/faculdadeunibrasilia.com.br\/uberaba\/"},{"@type":"ListItem","position":2,"name":"Portador do diploma"}]},{"@type":"WebSite","@id":"https:\/\/faculdadeunibrasilia.com.br\/uberaba\/#website","url":"https:\/\/faculdadeunibrasilia.com.br\/uberaba\/","name":"Faculdade Unibras\u00edlia","description":"de Minas Gerais","potentialAction":[{"@type":"SearchAction","target":{"@type":"EntryPoint","urlTemplate":"https:\/\/faculdadeunibrasilia.com.br\/uberaba\/?s={search_term_string}"},"query-input":"required name=search_term_string"}],"inLanguage":"pt-BR"}]}},"_links":{"self":[{"href":"https:\/\/faculdadeunibrasilia.com.br\/uberaba\/wp-json\/wp\/v2\/pages\/239306","targetHints":{"allow":["GET"]}}],"collection":[{"href":"https:\/\/faculdadeunibrasilia.com.br\/uberaba\/wp-json\/wp\/v2\/pages"}],"about":[{"href":"https:\/\/faculdadeunibrasilia.com.br\/uberaba\/wp-json\/wp\/v2\/types\/page"}],"author":[{"embeddable":true,"href":"https:\/\/faculdadeunibrasilia.com.br\/uberaba\/wp-json\/wp\/v2\/users\/1"}],"replies":[{"embeddable":true,"href":"https:\/\/faculdadeunibrasilia.com.br\/uberaba\/wp-json\/wp\/v2\/comments?post=239306"}],"version-history":[{"count":4,"href":"https:\/\/faculdadeunibrasilia.com.br\/uberaba\/wp-json\/wp\/v2\/pages\/239306\/revisions"}],"predecessor-version":[{"id":992887,"href":"https:\/\/faculdadeunibrasilia.com.br\/uberaba\/wp-json\/wp\/v2\/pages\/239306\/revisions\/992887"}],"wp:attachment":[{"href":"https:\/\/faculdadeunibrasilia.com.br\/uberaba\/wp-json\/wp\/v2\/media?parent=239306"}],"curies":[{"name":"wp","href":"https:\/\/api.w.org\/{rel}","templated":true}]}}